{"id":263,"date":"2025-11-22T15:10:44","date_gmt":"2025-11-22T15:10:44","guid":{"rendered":"https:\/\/2wd.tg\/?page_id=263"},"modified":"2026-02-06T01:51:43","modified_gmt":"2026-02-06T01:51:43","slug":"contact","status":"publish","type":"page","link":"https:\/\/2wd.tg\/index.php\/contact\/","title":{"rendered":"Contact"},"content":{"rendered":"\t\t<div data-elementor-type=\"wp-page\" data-elementor-id=\"263\" class=\"elementor elementor-263\">\n\t\t\t\t<div class=\"elementor-element elementor-element-797da7c30 e-flex e-con-boxed wpr-particle-no wpr-jarallax-no wpr-parallax-no wpr-sticky-section-no e-con e-parent\" data-id=\"797da7c30\" data-element_type=\"container\" data-e-type=\"container\" data-settings=\"{&quot;background_background&quot;:&quot;classic&quot;}\">\n\t\t\t\t\t<div class=\"e-con-inner\">\n\t\t<div class=\"elementor-element elementor-element-7b0ff37a e-flex e-con-boxed wpr-particle-no wpr-jarallax-no wpr-parallax-no wpr-sticky-section-no e-con e-child\" data-id=\"7b0ff37a\" data-element_type=\"container\" data-e-type=\"container\">\n\t\t\t\t\t<div class=\"e-con-inner\">\n\t\t\t\t<div class=\"elementor-element elementor-element-7717485 elementor-widget elementor-widget-heading\" data-id=\"7717485\" data-element_type=\"widget\" data-e-type=\"widget\" data-widget_type=\"heading.default\">\n\t\t\t\t\t<h1 class=\"elementor-heading-title elementor-size-default\">CONTACT<\/h1>\t\t\t\t<\/div>\n\t\t\t\t\t<\/div>\n\t\t\t\t<\/div>\n\t\t\t\t\t<\/div>\n\t\t\t\t<\/div>\n\t\t<div class=\"elementor-element elementor-element-dfd49f3 e-flex e-con-boxed wpr-particle-no wpr-jarallax-no wpr-parallax-no wpr-sticky-section-no e-con e-parent\" data-id=\"dfd49f3\" data-element_type=\"container\" data-e-type=\"container\">\n\t\t\t\t\t<div class=\"e-con-inner\">\n\t\t<div class=\"elementor-element elementor-element-22309c1a e-flex e-con-boxed wpr-particle-no wpr-jarallax-no wpr-parallax-no wpr-sticky-section-no elementor-invisible e-con e-child\" data-id=\"22309c1a\" data-element_type=\"container\" data-e-type=\"container\" data-settings=\"{&quot;background_background&quot;:&quot;classic&quot;,&quot;animation&quot;:&quot;slideInLeft&quot;}\">\n\t\t\t\t\t<div class=\"e-con-inner\">\n\t\t\t\t<div class=\"elementor-element elementor-element-7f22c1c3 elementor-widget elementor-widget-heading\" data-id=\"7f22c1c3\" data-element_type=\"widget\" data-e-type=\"widget\" data-widget_type=\"heading.default\">\n\t\t\t\t\t<h2 class=\"elementor-heading-title elementor-size-default\">Restons en Contact<\/h2>\t\t\t\t<\/div>\n\t\t\t\t<div class=\"elementor-element elementor-element-78780e9 elementor-widget elementor-widget-wpforms\" data-id=\"78780e9\" data-element_type=\"widget\" data-e-type=\"widget\" data-widget_type=\"wpforms.default\">\n\t\t\t\t<div class=\"elementor-widget-container\">\n\t\t\t\t\t<style id=\"wpforms-css-vars-elementor-widget-78780e9\">\n\t\t\t\t.elementor-widget-wpforms.elementor-element-78780e9 {\n\t\t\t\t--wpforms-button-background-color: #A55E86;\n\t\t\t}\n\t\t\t<\/style><div class=\"wpforms-container wpforms-container-full wpforms-render-modern\" id=\"wpforms-1339\"><form id=\"wpforms-form-1339\" class=\"wpforms-validate wpforms-form wpforms-ajax-form\" data-formid=\"1339\" method=\"post\" enctype=\"multipart\/form-data\" action=\"\/index.php\/wp-json\/wp\/v2\/pages\/263\" data-token=\"a506774e9ea3928d120cbc58f97f70ea\" data-token-time=\"1776433485\"><noscript class=\"wpforms-error-noscript\">Veuillez activer JavaScript dans votre navigateur pour remplir ce formulaire.<\/noscript><div id=\"wpforms-error-noscript\" style=\"display: none;\">Veuillez activer JavaScript dans votre navigateur pour remplir ce formulaire.<\/div><div class=\"wpforms-field-container\"><div id=\"wpforms-1339-field_1-container\" class=\"wpforms-field wpforms-field-name\" data-field-id=\"1\"><fieldset><legend class=\"wpforms-field-label\">Nom <span class=\"wpforms-required-label\" aria-hidden=\"true\">*<\/span><\/legend><div class=\"wpforms-field-row wpforms-field-medium\"><div class=\"wpforms-field-row-block wpforms-first wpforms-one-half\"><input type=\"text\" id=\"wpforms-1339-field_1\" class=\"wpforms-field-name-first wpforms-field-required\" name=\"wpforms[fields][1][first]\" aria-errormessage=\"wpforms-1339-field_1-error\" required><label for=\"wpforms-1339-field_1\" class=\"wpforms-field-sublabel after\">Pr\u00e9nom<\/label><\/div><div class=\"wpforms-field-row-block wpforms-one-half\"><input type=\"text\" id=\"wpforms-1339-field_1-last\" class=\"wpforms-field-name-last wpforms-field-required\" name=\"wpforms[fields][1][last]\" aria-errormessage=\"wpforms-1339-field_1-last-error\" required><label for=\"wpforms-1339-field_1-last\" class=\"wpforms-field-sublabel after\">Nom<\/label><\/div><\/div><\/fieldset><\/div>\t\t<div id=\"wpforms-1339-field_4-container\"\n\t\t\tclass=\"wpforms-field wpforms-field-text\"\n\t\t\tdata-field-type=\"text\"\n\t\t\tdata-field-id=\"4\"\n\t\t\t>\n\t\t\t<label class=\"wpforms-field-label\" for=\"wpforms-1339-field_4\" >message E-mail Commentaire<\/label>\n\t\t\t<input type=\"text\" id=\"wpforms-1339-field_4\" class=\"wpforms-field-medium\" name=\"wpforms[fields][4]\" >\n\t\t<\/div>\n\t\t<div id=\"wpforms-1339-field_2-container\" class=\"wpforms-field wpforms-field-email\" data-field-id=\"2\"><label class=\"wpforms-field-label\" for=\"wpforms-1339-field_2\">E-mail <span class=\"wpforms-required-label\" aria-hidden=\"true\">*<\/span><\/label><input type=\"email\" id=\"wpforms-1339-field_2\" class=\"wpforms-field-medium wpforms-field-required\" name=\"wpforms[fields][2]\" spellcheck=\"false\" aria-errormessage=\"wpforms-1339-field_2-error\" required><\/div><div id=\"wpforms-1339-field_3-container\" class=\"wpforms-field wpforms-field-textarea\" data-field-id=\"3\"><label class=\"wpforms-field-label\" for=\"wpforms-1339-field_3\">Commentaire ou message<\/label><textarea id=\"wpforms-1339-field_3\" class=\"wpforms-field-medium\" name=\"wpforms[fields][3]\" aria-errormessage=\"wpforms-1339-field_3-error\" ><\/textarea><\/div><script>\n\t\t\t\t( function() {\n\t\t\t\t\tconst style = document.createElement( 'style' );\n\t\t\t\t\tstyle.appendChild( document.createTextNode( '#wpforms-1339-field_4-container { position: absolute !important; overflow: hidden !important; display: inline !important; height: 1px !important; width: 1px !important; z-index: -1000 !important; padding: 0 !important; } #wpforms-1339-field_4-container input { visibility: hidden; } #wpforms-conversational-form-page #wpforms-1339-field_4-container label { counter-increment: none; }' ) );\n\t\t\t\t\tdocument.head.appendChild( style );\n\t\t\t\t\tdocument.currentScript?.remove();\n\t\t\t\t} )();\n\t\t\t<\/script><\/div><!-- .wpforms-field-container --><div class=\"wpforms-submit-container\" ><input type=\"hidden\" name=\"wpforms[id]\" value=\"1339\"><input type=\"hidden\" name=\"page_title\" value=\"\"><input type=\"hidden\" name=\"page_url\" value=\"https:\/\/2wd.tg\/index.php\/wp-json\/wp\/v2\/pages\/263\"><input type=\"hidden\" name=\"url_referer\" value=\"\"><button type=\"submit\" name=\"wpforms[submit]\" id=\"wpforms-submit-1339\" class=\"wpforms-submit\" data-alt-text=\"Envoi...\" data-submit-text=\"Envoyer\" aria-live=\"assertive\" value=\"wpforms-submit\">Envoyer<\/button><img decoding=\"async\" src=\"https:\/\/2wd.tg\/wp-content\/plugins\/wpforms-lite\/assets\/images\/submit-spin.svg\" class=\"wpforms-submit-spinner\" style=\"display: none;\" width=\"26\" height=\"26\" alt=\"Chargement en cours\"><\/div><\/form><\/div>  <!-- .wpforms-container -->\t\t\t\t<\/div>\n\t\t\t\t<\/div>\n\t\t\t\t\t<\/div>\n\t\t\t\t<\/div>\n\t\t<div class=\"elementor-element elementor-element-4bdcf463 e-flex e-con-boxed wpr-particle-no wpr-jarallax-no wpr-parallax-no wpr-sticky-section-no elementor-invisible e-con e-child\" data-id=\"4bdcf463\" data-element_type=\"container\" data-e-type=\"container\" data-settings=\"{&quot;animation&quot;:&quot;slideInRight&quot;}\">\n\t\t\t\t\t<div class=\"e-con-inner\">\n\t\t\t\t<div class=\"elementor-element elementor-element-5bfcac61 elementor-view-stacked elementor-shape-square elementor-widget__width-initial elementor-widget-mobile__width-initial elementor-position-inline-start elementor-mobile-position-block-start elementor-widget elementor-widget-icon-box\" data-id=\"5bfcac61\" data-element_type=\"widget\" data-e-type=\"widget\" data-widget_type=\"icon-box.default\">\n\t\t\t\t\t\t\t<div class=\"elementor-icon-box-wrapper\">\n\n\t\t\t\t\t\t<div class=\"elementor-icon-box-icon\">\n\t\t\t\t<span  class=\"elementor-icon\">\n\t\t\t\t<svg aria-hidden=\"true\" class=\"e-font-icon-svg e-fas-envelope\" viewBox=\"0 0 512 512\" xmlns=\"http:\/\/www.w3.org\/2000\/svg\"><path d=\"M502.3 190.8c3.9-3.1 9.7-.2 9.7 4.7V400c0 26.5-21.5 48-48 48H48c-26.5 0-48-21.5-48-48V195.6c0-5 5.7-7.8 9.7-4.7 22.4 17.4 52.1 39.5 154.1 113.6 21.1 15.4 56.7 47.8 92.2 47.6 35.7.3 72-32.8 92.3-47.6 102-74.1 131.6-96.3 154-113.7zM256 320c23.2.4 56.6-29.2 73.4-41.4 132.7-96.3 142.8-104.7 173.4-128.7 5.8-4.5 9.2-11.5 9.2-18.9v-19c0-26.5-21.5-48-48-48H48C21.5 64 0 85.5 0 112v19c0 7.4 3.4 14.3 9.2 18.9 30.6 23.9 40.7 32.4 173.4 128.7 16.8 12.2 50.2 41.8 73.4 41.4z\"><\/path><\/svg>\t\t\t\t<\/span>\n\t\t\t<\/div>\n\t\t\t\n\t\t\t\t\t\t<div class=\"elementor-icon-box-content\">\n\n\t\t\t\t\t\t\t\t\t<h3 class=\"elementor-icon-box-title\">\n\t\t\t\t\t\t<span  >\n\t\t\t\t\t\t\tEmail\t\t\t\t\t\t<\/span>\n\t\t\t\t\t<\/h3>\n\t\t\t\t\n\t\t\t\t\t\t\t\t\t<p class=\"elementor-icon-box-description\">\n\t\t\t\t\t\tcontact2wdasso@gmail.com\t\t\t\t\t<\/p>\n\t\t\t\t\n\t\t\t<\/div>\n\t\t\t\n\t\t<\/div>\n\t\t\t\t\t\t<\/div>\n\t\t\t\t<div class=\"elementor-element elementor-element-48df30ae elementor-view-stacked elementor-shape-square elementor-widget__width-initial elementor-widget-mobile__width-initial elementor-position-inline-start elementor-mobile-position-block-start elementor-widget elementor-widget-icon-box\" data-id=\"48df30ae\" data-element_type=\"widget\" data-e-type=\"widget\" data-widget_type=\"icon-box.default\">\n\t\t\t\t\t\t\t<div class=\"elementor-icon-box-wrapper\">\n\n\t\t\t\t\t\t<div class=\"elementor-icon-box-icon\">\n\t\t\t\t<span  class=\"elementor-icon\">\n\t\t\t\t<svg aria-hidden=\"true\" class=\"e-font-icon-svg e-fas-phone-alt\" viewBox=\"0 0 512 512\" xmlns=\"http:\/\/www.w3.org\/2000\/svg\"><path d=\"M497.39 361.8l-112-48a24 24 0 0 0-28 6.9l-49.6 60.6A370.66 370.66 0 0 1 130.6 204.11l60.6-49.6a23.94 23.94 0 0 0 6.9-28l-48-112A24.16 24.16 0 0 0 122.6.61l-104 24A24 24 0 0 0 0 48c0 256.5 207.9 464 464 464a24 24 0 0 0 23.4-18.6l24-104a24.29 24.29 0 0 0-14.01-27.6z\"><\/path><\/svg>\t\t\t\t<\/span>\n\t\t\t<\/div>\n\t\t\t\n\t\t\t\t\t\t<div class=\"elementor-icon-box-content\">\n\n\t\t\t\t\t\t\t\t\t<h3 class=\"elementor-icon-box-title\">\n\t\t\t\t\t\t<span  >\n\t\t\t\t\t\t\tT\u00e9l\u00e9phone\t\t\t\t\t\t<\/span>\n\t\t\t\t\t<\/h3>\n\t\t\t\t\n\t\t\t\t\t\t\t\t\t<p class=\"elementor-icon-box-description\">\n\t\t\t\t\t\t+228 96 04 04 74 <br>\n+228 90 11 88 09\t\t\t\t\t<\/p>\n\t\t\t\t\n\t\t\t<\/div>\n\t\t\t\n\t\t<\/div>\n\t\t\t\t\t\t<\/div>\n\t\t\t\t<div class=\"elementor-element elementor-element-640cb386 elementor-view-stacked elementor-shape-square elementor-widget__width-initial elementor-widget-mobile__width-initial elementor-position-inline-start elementor-mobile-position-block-start elementor-widget elementor-widget-icon-box\" data-id=\"640cb386\" data-element_type=\"widget\" data-e-type=\"widget\" data-widget_type=\"icon-box.default\">\n\t\t\t\t\t\t\t<div class=\"elementor-icon-box-wrapper\">\n\n\t\t\t\t\t\t<div class=\"elementor-icon-box-icon\">\n\t\t\t\t<span  class=\"elementor-icon\">\n\t\t\t\t<svg aria-hidden=\"true\" class=\"e-font-icon-svg e-fas-map-marker-alt\" viewBox=\"0 0 384 512\" xmlns=\"http:\/\/www.w3.org\/2000\/svg\"><path d=\"M172.268 501.67C26.97 291.031 0 269.413 0 192 0 85.961 85.961 0 192 0s192 85.961 192 192c0 77.413-26.97 99.031-172.268 309.67-9.535 13.774-29.93 13.773-39.464 0zM192 272c44.183 0 80-35.817 80-80s-35.817-80-80-80-80 35.817-80 80 35.817 80 80 80z\"><\/path><\/svg>\t\t\t\t<\/span>\n\t\t\t<\/div>\n\t\t\t\n\t\t\t\t\t\t<div class=\"elementor-icon-box-content\">\n\n\t\t\t\t\t\t\t\t\t<h3 class=\"elementor-icon-box-title\">\n\t\t\t\t\t\t<span  >\n\t\t\t\t\t\t\tAddresse\t\t\t\t\t\t<\/span>\n\t\t\t\t\t<\/h3>\n\t\t\t\t\n\t\t\t\t\t\t\t\t\t<p class=\"elementor-icon-box-description\">\n\t\t\t\t\t\tQuartier Zopomahe, S\/C BP 157 rue des kakopiers<br>\nLom\u00e9-Togo\t\t\t\t\t<\/p>\n\t\t\t\t\n\t\t\t<\/div>\n\t\t\t\n\t\t<\/div>\n\t\t\t\t\t\t<\/div>\n\t\t\t\t<div class=\"elementor-element elementor-element-ee56ef4 elementor-widget elementor-widget-google_maps\" data-id=\"ee56ef4\" data-element_type=\"widget\" data-e-type=\"widget\" data-widget_type=\"google_maps.default\">\n\t\t\t\t\t\t\t<div class=\"elementor-custom-embed\">\n\t\t\t<iframe loading=\"lazy\"\n\t\t\t\t\tsrc=\"https:\/\/maps.google.com\/maps?q=lome&#038;t=m&#038;z=10&#038;output=embed&#038;iwloc=near\"\n\t\t\t\t\ttitle=\"lome\"\n\t\t\t\t\taria-label=\"lome\"\n\t\t\t><\/iframe>\n\t\t<\/div>\n\t\t\t\t\t\t<\/div>\n\t\t\t\t\t<\/div>\n\t\t\t\t<\/div>\n\t\t\t\t\t<\/div>\n\t\t\t\t<\/div>\n\t\t\t\t<\/div>\n\t\t","protected":false},"excerpt":{"rendered":"<p>CONTACT Restons en Contact Veuillez activer JavaScript dans votre navigateur pour remplir ce formulaire.Veuillez activer JavaScript dans votre navigateur pour remplir ce formulaire. Nom * Pr\u00e9nomNom E-mail *Commentaire ou message Envoyer Email contact2wdasso@gmail.com T\u00e9l\u00e9phone +228 96 04 04 74 +228 90 11 88 09 Addresse Quartier Zopomahe, S\/C BP 157 rue des kakopiers Lom\u00e9-Togo<\/p>\n","protected":false},"author":1,"featured_media":0,"parent":0,"menu_order":0,"comment_status":"closed","ping_status":"closed","template":"","meta":{"_uag_custom_page_level_css":"","site-sidebar-layout":"no-sidebar","site-content-layout":"","ast-site-content-layout":"full-width-container","site-content-style":"default","site-sidebar-style":"default","ast-global-header-display":"","ast-banner-title-visibility":"","ast-main-header-display":"","ast-hfb-above-header-display":"","ast-hfb-below-header-display":"","ast-hfb-mobile-header-display":"","site-post-title":"","ast-breadcrumbs-content":"","ast-featured-img":"disabled","footer-sml-layout":"","ast-disable-related-posts":"","theme-transparent-header-meta":"","adv-header-id-meta":"","stick-header-meta":"","header-above-stick-meta":"","header-main-stick-meta":"","header-below-stick-meta":"","astra-migrate-meta-layouts":"default","ast-page-background-enabled":"default","ast-page-background-meta":{"desktop":{"background-color":"var(--ast-global-color-5)","background-image":"","background-repeat":"repeat","background-position":"center center","background-size":"auto","background-attachment":"scroll","background-type":"","background-media":"","overlay-type":"","overlay-color":"","overlay-opacity":"","overlay-gradient":""},"tablet":{"background-color":"","background-image":"","background-repeat":"repeat","background-position":"center center","background-size":"auto","background-attachment":"scroll","background-type":"","background-media":"","overlay-type":"","overlay-color":"","overlay-opacity":"","overlay-gradient":""},"mobile":{"background-color":"","background-image":"","background-repeat":"repeat","background-position":"center center","background-size":"auto","background-attachment":"scroll","background-type":"","background-media":"","overlay-type":"","overlay-color":"","overlay-opacity":"","overlay-gradient":""}},"ast-content-background-meta":{"desktop":{"background-color":"var(--ast-global-color-4)","background-image":"","background-repeat":"repeat","background-position":"center center","background-size":"auto","background-attachment":"scroll","background-type":"","background-media":"","overlay-type":"","overlay-color":"","overlay-opacity":"","overlay-gradient":""},"tablet":{"background-color":"var(--ast-global-color-4)","background-image":"","background-repeat":"repeat","background-position":"center center","background-size":"auto","background-attachment":"scroll","background-type":"","background-media":"","overlay-type":"","overlay-color":"","overlay-opacity":"","overlay-gradient":""},"mobile":{"background-color":"var(--ast-global-color-4)","background-image":"","background-repeat":"repeat","background-position":"center center","background-size":"auto","background-attachment":"scroll","background-type":"","background-media":"","overlay-type":"","overlay-color":"","overlay-opacity":"","overlay-gradient":""}},"footnotes":""},"class_list":["post-263","page","type-page","status-publish","hentry"],"aioseo_notices":[],"uagb_featured_image_src":{"full":false,"thumbnail":false,"medium":false,"medium_large":false,"large":false,"1536x1536":false,"2048x2048":false},"uagb_author_info":{"display_name":"admin","author_link":"https:\/\/2wd.tg\/index.php\/author\/admin\/"},"uagb_comment_info":0,"uagb_excerpt":"CONTACT Restons en Contact Veuillez activer JavaScript dans votre navigateur pour remplir ce formulaire.Veuillez activer JavaScript dans votre navigateur pour remplir ce formulaire. Nom * Pr\u00e9nomNom E-mail *Commentaire ou message Envoyer Email contact2wdasso@gmail.com T\u00e9l\u00e9phone +228 96 04 04 74 +228 90 11 88 09 Addresse Quartier Zopomahe, S\/C BP 157 rue des kakopiers Lom\u00e9-Togo","_links":{"self":[{"href":"https:\/\/2wd.tg\/index.php\/wp-json\/wp\/v2\/pages\/263","targetHints":{"allow":["GET"]}}],"collection":[{"href":"https:\/\/2wd.tg\/index.php\/wp-json\/wp\/v2\/pages"}],"about":[{"href":"https:\/\/2wd.tg\/index.php\/wp-json\/wp\/v2\/types\/page"}],"author":[{"embeddable":true,"href":"https:\/\/2wd.tg\/index.php\/wp-json\/wp\/v2\/users\/1"}],"replies":[{"embeddable":true,"href":"https:\/\/2wd.tg\/index.php\/wp-json\/wp\/v2\/comments?post=263"}],"version-history":[{"count":46,"href":"https:\/\/2wd.tg\/index.php\/wp-json\/wp\/v2\/pages\/263\/revisions"}],"predecessor-version":[{"id":1345,"href":"https:\/\/2wd.tg\/index.php\/wp-json\/wp\/v2\/pages\/263\/revisions\/1345"}],"wp:attachment":[{"href":"https:\/\/2wd.tg\/index.php\/wp-json\/wp\/v2\/media?parent=263"}],"curies":[{"name":"wp","href":"https:\/\/api.w.org\/{rel}","templated":true}]}}